{"id":1035,"date":"2024-06-18T21:40:41","date_gmt":"2024-06-18T21:40:41","guid":{"rendered":"https:\/\/audioshop.qc.ca\/?page_id=1035"},"modified":"2026-04-19T22:45:37","modified_gmt":"2026-04-19T22:45:37","slug":"liquidation","status":"publish","type":"page","link":"https:\/\/audioshop.qc.ca\/en\/liquidation","title":{"rendered":"Clearance"},"content":{"rendered":"<div class=\"wp-block-group desktop-disappear is-layout-constrained wp-block-group-is-layout-constrained\" style=\"padding-top:0\">\n<figure class=\"wp-block-image aligncenter size-full desktop-disappear\"><img loading=\"lazy\" decoding=\"async\" width=\"2560\" height=\"1440\" src=\"https:\/\/audioshop.qc.ca\/wp-content\/uploads\/2024\/06\/Default_A_collection_of_pristine_highend_headphones_adorns_lif_1_ee6210d2-4bc5-4335-8fba-c24317056cab_0-scaled.jpg\" alt=\"\" class=\"wp-image-1038\" srcset=\"https:\/\/audioshop.qc.ca\/wp-content\/uploads\/2024\/06\/Default_A_collection_of_pristine_highend_headphones_adorns_lif_1_ee6210d2-4bc5-4335-8fba-c24317056cab_0-scaled.jpg 2560w, https:\/\/audioshop.qc.ca\/wp-content\/uploads\/2024\/06\/Default_A_collection_of_pristine_highend_headphones_adorns_lif_1_ee6210d2-4bc5-4335-8fba-c24317056cab_0-300x169.jpg 300w, https:\/\/audioshop.qc.ca\/wp-content\/uploads\/2024\/06\/Default_A_collection_of_pristine_highend_headphones_adorns_lif_1_ee6210d2-4bc5-4335-8fba-c24317056cab_0-1024x576.jpg 1024w, https:\/\/audioshop.qc.ca\/wp-content\/uploads\/2024\/06\/Default_A_collection_of_pristine_highend_headphones_adorns_lif_1_ee6210d2-4bc5-4335-8fba-c24317056cab_0-768x432.jpg 768w, https:\/\/audioshop.qc.ca\/wp-content\/uploads\/2024\/06\/Default_A_collection_of_pristine_highend_headphones_adorns_lif_1_ee6210d2-4bc5-4335-8fba-c24317056cab_0-1536x864.jpg 1536w, https:\/\/audioshop.qc.ca\/wp-content\/uploads\/2024\/06\/Default_A_collection_of_pristine_highend_headphones_adorns_lif_1_ee6210d2-4bc5-4335-8fba-c24317056cab_0-2048x1152.jpg 2048w, https:\/\/audioshop.qc.ca\/wp-content\/uploads\/2024\/06\/Default_A_collection_of_pristine_highend_headphones_adorns_lif_1_ee6210d2-4bc5-4335-8fba-c24317056cab_0-18x10.jpg 18w\" sizes=\"auto, (max-width: 2560px) 100vw, 2560px\" \/><\/figure>\n<\/div>\n\n\n\n<p class=\"has-text-align-center\" style=\"font-size:24px\"><strong>Big Clearance Sale on Demonstration Headphones!<\/strong><\/p>\n\n\n\n<div class=\"wp-block-columns are-vertically-aligned-center mobile-disappear is-layout-flex wp-container-core-columns-is-layout-28f84493 wp-block-columns-is-layout-flex\">\n<div class=\"wp-block-column is-vertically-aligned-center is-layout-flow wp-block-column-is-layout-flow\">\n<figure class=\"wp-block-image aligncenter size-full\"><img loading=\"lazy\" decoding=\"async\" width=\"361\" height=\"140\" src=\"https:\/\/audioshop.qc.ca\/wp-content\/uploads\/2024\/06\/akg1.png\" alt=\"\" class=\"wp-image-1054\" srcset=\"https:\/\/audioshop.qc.ca\/wp-content\/uploads\/2024\/06\/akg1.png 361w, https:\/\/audioshop.qc.ca\/wp-content\/uploads\/2024\/06\/akg1-300x116.png 300w, https:\/\/audioshop.qc.ca\/wp-content\/uploads\/2024\/06\/akg1-18x7.png 18w\" sizes=\"auto, (max-width: 361px) 100vw, 361px\" \/><\/figure>\n<\/div>\n\n\n\n<div class=\"wp-block-column is-vertically-aligned-center is-layout-flow wp-block-column-is-layout-flow\">\n<figure class=\"wp-block-image aligncenter size-full\"><img loading=\"lazy\" decoding=\"async\" width=\"249\" height=\"42\" src=\"https:\/\/audioshop.qc.ca\/wp-content\/uploads\/2024\/06\/bower-wilkins-logo-1.webp\" alt=\"\" class=\"wp-image-883\" srcset=\"https:\/\/audioshop.qc.ca\/wp-content\/uploads\/2024\/06\/bower-wilkins-logo-1.webp 249w, https:\/\/audioshop.qc.ca\/wp-content\/uploads\/2024\/06\/bower-wilkins-logo-1-18x3.webp 18w\" sizes=\"auto, (max-width: 249px) 100vw, 249px\" \/><\/figure>\n<\/div>\n\n\n\n<div class=\"wp-block-column is-vertically-aligned-center is-layout-flow wp-block-column-is-layout-flow\">\n<figure class=\"wp-block-image aligncenter size-full\"><img loading=\"lazy\" decoding=\"async\" width=\"350\" height=\"144\" src=\"https:\/\/audioshop.qc.ca\/wp-content\/uploads\/2024\/06\/Focal_JMLAB_Logo_corporate_2021.png\" alt=\"\" class=\"wp-image-1055\" srcset=\"https:\/\/audioshop.qc.ca\/wp-content\/uploads\/2024\/06\/Focal_JMLAB_Logo_corporate_2021.png 350w, https:\/\/audioshop.qc.ca\/wp-content\/uploads\/2024\/06\/Focal_JMLAB_Logo_corporate_2021-300x123.png 300w, https:\/\/audioshop.qc.ca\/wp-content\/uploads\/2024\/06\/Focal_JMLAB_Logo_corporate_2021-18x7.png 18w\" sizes=\"auto, (max-width: 350px) 100vw, 350px\" \/><\/figure>\n<\/div>\n\n\n\n<div class=\"wp-block-column is-vertically-aligned-center is-layout-flow wp-block-column-is-layout-flow\">\n<figure class=\"wp-block-image aligncenter size-full\"><img loading=\"lazy\" decoding=\"async\" width=\"176\" height=\"75\" src=\"https:\/\/audioshop.qc.ca\/wp-content\/uploads\/2024\/06\/Grado-Labs-logo-Black-1.webp\" alt=\"\" class=\"wp-image-884\" srcset=\"https:\/\/audioshop.qc.ca\/wp-content\/uploads\/2024\/06\/Grado-Labs-logo-Black-1.webp 176w, https:\/\/audioshop.qc.ca\/wp-content\/uploads\/2024\/06\/Grado-Labs-logo-Black-1-18x8.webp 18w\" sizes=\"auto, (max-width: 176px) 100vw, 176px\" \/><\/figure>\n<\/div>\n\n\n\n<div class=\"wp-block-column is-vertically-aligned-center is-layout-flow wp-block-column-is-layout-flow\">\n<figure class=\"wp-block-image aligncenter size-full\"><img loading=\"lazy\" decoding=\"async\" width=\"985\" height=\"360\" src=\"https:\/\/audioshop.qc.ca\/wp-content\/uploads\/2024\/06\/shure_rgb_black.png\" alt=\"\" class=\"wp-image-1056\" srcset=\"https:\/\/audioshop.qc.ca\/wp-content\/uploads\/2024\/06\/shure_rgb_black.png 985w, https:\/\/audioshop.qc.ca\/wp-content\/uploads\/2024\/06\/shure_rgb_black-300x110.png 300w, https:\/\/audioshop.qc.ca\/wp-content\/uploads\/2024\/06\/shure_rgb_black-768x281.png 768w, https:\/\/audioshop.qc.ca\/wp-content\/uploads\/2024\/06\/shure_rgb_black-18x7.png 18w\" sizes=\"auto, (max-width: 985px) 100vw, 985px\" \/><\/figure>\n<\/div>\n<\/div>\n\n\n\n<p class=\"translation-block\">We are doing a major clearance sale on our demo headphones! This is the perfect opportunity for you to get high-quality products at incredible prices. All our demo models from <strong>Focal, Shure, Grado, AKG, and B&amp;W<\/strong> are in excellent condition and have been carefully checked by our team. Don\u2019t miss this unique chance to acquire exceptional headphones at unbeatable prices!<\/p>\n\n\n\n<p><strong>Why take advantage of this offer?<\/strong><\/p>\n\n\n\n<ul class=\"wp-block-list\">\n<li><strong>Assured Quality<\/strong> : Our demonstration headphones have been used exclusively for in-store demonstrations. They are in perfect working condition.<\/li>\n\n\n\n<li><strong>Unbeatable Prices<\/strong> : Enjoy exceptional discounts on the brands and models you love.<\/li>\n\n\n\n<li><strong>Limited Quantities<\/strong> : Don\u2019t miss this unique opportunity. Once our stock is gone, it\u2019s gone!<\/li>\n<\/ul>\n\n\n\n<p>Come to the store now and find the perfect headphones for you. Don\u2019t wait, as the best models go fast!<\/p>","protected":false},"excerpt":{"rendered":"<p>Grande Liquidation de Casques d&rsquo;\u00c9coute D\u00e9monstrateurs ! Nous lan\u00e7ons une grande liquidation sur nos casques d&rsquo;\u00e9coute d\u00e9monstrateurs ! C&rsquo;est l&rsquo;occasion parfaite pour vous offrir des produits de haute qualit\u00e9 \u00e0 des prix incroyables. Tous nos mod\u00e8les de d\u00e9monstration de marques Focal, Shure, Grado, AKG, et B&amp;W sont en excellent \u00e9tat et ont \u00e9t\u00e9 soigneusement v\u00e9rifi\u00e9s [&hellip;]<\/p>\n","protected":false},"author":1,"featured_media":0,"parent":0,"menu_order":0,"comment_status":"closed","ping_status":"closed","template":"page-homepage-canvas","meta":{"_seopress_robots_primary_cat":"","_seopress_titles_title":"","_seopress_titles_desc":"","_seopress_robots_index":"","footnotes":""},"class_list":["post-1035","page","type-page","status-publish","hentry"],"_links":{"self":[{"href":"https:\/\/audioshop.qc.ca\/en\/wp-json\/wp\/v2\/pages\/1035","targetHints":{"allow":["GET"]}}],"collection":[{"href":"https:\/\/audioshop.qc.ca\/en\/wp-json\/wp\/v2\/pages"}],"about":[{"href":"https:\/\/audioshop.qc.ca\/en\/wp-json\/wp\/v2\/types\/page"}],"author":[{"embeddable":true,"href":"https:\/\/audioshop.qc.ca\/en\/wp-json\/wp\/v2\/users\/1"}],"replies":[{"embeddable":true,"href":"https:\/\/audioshop.qc.ca\/en\/wp-json\/wp\/v2\/comments?post=1035"}],"version-history":[{"count":21,"href":"https:\/\/audioshop.qc.ca\/en\/wp-json\/wp\/v2\/pages\/1035\/revisions"}],"predecessor-version":[{"id":1091,"href":"https:\/\/audioshop.qc.ca\/en\/wp-json\/wp\/v2\/pages\/1035\/revisions\/1091"}],"wp:attachment":[{"href":"https:\/\/audioshop.qc.ca\/en\/wp-json\/wp\/v2\/media?parent=1035"}],"curies":[{"name":"wp","href":"https:\/\/api.w.org\/{rel}","templated":true}]}}